{"id":3673,"date":"2022-06-13T10:22:39","date_gmt":"2022-06-13T10:22:39","guid":{"rendered":"https:\/\/www.documatik.com?page_id=3673"},"modified":"2023-06-29T21:44:53","modified_gmt":"2023-06-29T21:44:53","slug":"about","status":"publish","type":"page","link":"https:\/\/www.documatik.com\/en\/about\/","title":{"rendered":"About Documatik"},"content":{"rendered":"<div data-elementor-type=\"wp-page\" data-elementor-id=\"3673\" class=\"elementor elementor-3673\">\n\t\t\t\t\t\t<section class=\"elementor-section elementor-top-section elementor-element elementor-element-07d5d50 elementor-section-full_width elementor-section-height-default elementor-section-height-default\" data-id=\"07d5d50\" data-element_type=\"section\">\n\t\t\t\t\t\t<div class=\"elementor-container elementor-column-gap-no\">\n\t\t\t\t\t<div class=\"elementor-column elementor-col-100 elementor-top-column elementor-element elementor-element-c04211b\" data-id=\"c04211b\" data-element_type=\"column\">\n\t\t\t<div class=\"elementor-widget-wrap elementor-element-populated\">\n\t\t\t\t\t\t<section class=\"elementor-section elementor-inner-section elementor-element elementor-element-2e3babc elementor-section-boxed elementor-section-height-default elementor-section-height-default\" data-id=\"2e3babc\" data-element_type=\"section\">\n\t\t\t\t\t\t<div class=\"elementor-container elementor-column-gap-no\">\n\t\t\t\t\t<div class=\"elementor-column elementor-col-50 elementor-inner-column elementor-element elementor-element-d5171e1\" data-id=\"d5171e1\" data-element_type=\"column\">\n\t\t\t<div class=\"elementor-widget-wrap elementor-element-populated\">\n\t\t\t\t\t\t<div class=\"elementor-element elementor-element-335e30a elementor-widget elementor-widget-sultin_about_image\" data-id=\"335e30a\" data-element_type=\"widget\" data-widget_type=\"sultin_about_image.default\">\n\t\t\t\t<div class=\"elementor-widget-container\">\n\t\t\t                    <div class=\"about-style1__image clearfix\">\n                <div class=\"shape-1\"><\/div>\n                <div class=\"shape-2\"><\/div>\n                <div class=\"inner\">\n                    <img fetchpriority=\"high\" decoding=\"async\" width=\"2560\" height=\"1512\" src=\"https:\/\/www.documatik.com\/wp-content\/uploads\/2023\/05\/tech-meeting-flatlay-scaled.jpg\" class=\"attachment-full size-full\" alt=\"\" srcset=\"https:\/\/www.documatik.com\/wp-content\/uploads\/2023\/05\/tech-meeting-flatlay-scaled.jpg 2560w, https:\/\/www.documatik.com\/wp-content\/uploads\/2023\/05\/tech-meeting-flatlay-300x177.jpg 300w, https:\/\/www.documatik.com\/wp-content\/uploads\/2023\/05\/tech-meeting-flatlay-1024x605.jpg 1024w, https:\/\/www.documatik.com\/wp-content\/uploads\/2023\/05\/tech-meeting-flatlay-768x454.jpg 768w, https:\/\/www.documatik.com\/wp-content\/uploads\/2023\/05\/tech-meeting-flatlay-1536x907.jpg 1536w, https:\/\/www.documatik.com\/wp-content\/uploads\/2023\/05\/tech-meeting-flatlay-2048x1210.jpg 2048w\" sizes=\"(max-width: 2560px) 100vw, 2560px\" \/>                <\/div>\n            <\/div>\n        \t\t<\/div>\n\t\t\t\t<\/div>\n\t\t\t\t\t<\/div>\n\t\t<\/div>\n\t\t\t\t<div class=\"elementor-column elementor-col-50 elementor-inner-column elementor-element elementor-element-3861803\" data-id=\"3861803\" data-element_type=\"column\">\n\t\t\t<div class=\"elementor-widget-wrap elementor-element-populated\">\n\t\t\t\t\t\t<div class=\"elementor-element elementor-element-2339df8 elementor-widget elementor-widget-heading\" data-id=\"2339df8\" data-element_type=\"widget\" data-widget_type=\"heading.default\">\n\t\t\t\t<div class=\"elementor-widget-container\">\n\t\t\t<h3 class=\"elementor-heading-title elementor-size-default\">About Documatik<\/h3>\t\t<\/div>\n\t\t\t\t<\/div>\n\t\t\t\t<div class=\"elementor-element elementor-element-836734b elementor-widget-divider--view-line elementor-widget elementor-widget-divider\" data-id=\"836734b\" data-element_type=\"widget\" data-widget_type=\"divider.default\">\n\t\t\t\t<div class=\"elementor-widget-container\">\n\t\t\t\t\t<div class=\"elementor-divider\">\n\t\t\t<span class=\"elementor-divider-separator\">\n\t\t\t\t\t\t<\/span>\n\t\t<\/div>\n\t\t\t\t<\/div>\n\t\t\t\t<\/div>\n\t\t\t\t<div class=\"elementor-element elementor-element-a241092 elementor-widget elementor-widget-heading\" data-id=\"a241092\" data-element_type=\"widget\" data-widget_type=\"heading.default\">\n\t\t\t\t<div class=\"elementor-widget-container\">\n\t\t\t<h1 class=\"elementor-heading-title elementor-size-default\">We Are Documatik<\/h1>\t\t<\/div>\n\t\t\t\t<\/div>\n\t\t\t\t<div class=\"elementor-element elementor-element-8499b3b elementor-position-left elementor-view-default elementor-mobile-position-top elementor-vertical-align-top elementor-widget elementor-widget-icon-box\" data-id=\"8499b3b\" data-element_type=\"widget\" data-widget_type=\"icon-box.default\">\n\t\t\t\t<div class=\"elementor-widget-container\">\n\t\t\t\t\t<div class=\"elementor-icon-box-wrapper\">\n\n\t\t\t\t\t\t<div class=\"elementor-icon-box-icon\">\n\t\t\t\t<a href=\"#\" class=\"elementor-icon elementor-animation-\" tabindex=\"-1\">\n\t\t\t\t<i aria-hidden=\"true\" class=\"icon-recruit\"><\/i>\t\t\t\t<\/a>\n\t\t\t<\/div>\n\t\t\t\n\t\t\t\t\t\t<div class=\"elementor-icon-box-content\">\n\n\t\t\t\t\n\t\t\t\t\t\t\t\t\t<p class=\"elementor-icon-box-description\">\n\t\t\t\t\t\tWe are a team of IT specialists and entrepreneurs that uses artificial intelligence to automate business processes and improve their accuracy and efficiency. Our solution, Documatik, is a Software-as-a-Service (SaaS) platform that automates data extraction from invoices and receipts. We developed this application for our own use before offering it to our partners.<br><br>\nDocumatik has been developed using advanced technologies and can be scaled to meet the requirements of any business.\t\t\t\t\t<\/p>\n\t\t\t\t\n\t\t\t<\/div>\n\t\t\t\n\t\t<\/div>\n\t\t\t\t<\/div>\n\t\t\t\t<\/div>\n\t\t\t\t\t<\/div>\n\t\t<\/div>\n\t\t\t\t\t<\/div>\n\t\t<\/section>\n\t\t\t\t\t<\/div>\n\t\t<\/div>\n\t\t\t\t\t<\/div>\n\t\t<\/section>\n\t\t\t\t<\/div>","protected":false},"excerpt":{"rendered":"<p>Despre Documatik Noi Suntem Documatik Suntem o echipa de speciali\u0219ti IT \u0219i antreprenori care folose\u0219te inteligen\u021ba artificial\u0103 \u00een automatizarea proceselor de afaceri pentru a le \u00eembun\u0103t\u0103\u021bi acurate\u021bea si eficien\u021ba. Solu\u021bia noastr\u0103, Documatik, este o platform\u0103 de tip Software-as-a-Service (SaaS) care automatizeaz\u0103 extragerea datelor din facturi si bonuri fiscale. Am dezvoltat aceasta aplica\u021bie pentru utilizarea proprie [&hellip;]<\/p>","protected":false},"author":2,"featured_media":0,"parent":0,"menu_order":0,"comment_status":"closed","ping_status":"closed","template":"elementor_header_footer","meta":{"footnotes":""},"class_list":["post-3673","page","type-page","status-publish","hentry"],"_links":{"self":[{"href":"https:\/\/www.documatik.com\/en\/wp-json\/wp\/v2\/pages\/3673","targetHints":{"allow":["GET"]}}],"collection":[{"href":"https:\/\/www.documatik.com\/en\/wp-json\/wp\/v2\/pages"}],"about":[{"href":"https:\/\/www.documatik.com\/en\/wp-json\/wp\/v2\/types\/page"}],"author":[{"embeddable":true,"href":"https:\/\/www.documatik.com\/en\/wp-json\/wp\/v2\/users\/2"}],"replies":[{"embeddable":true,"href":"https:\/\/www.documatik.com\/en\/wp-json\/wp\/v2\/comments?post=3673"}],"version-history":[{"count":42,"href":"https:\/\/www.documatik.com\/en\/wp-json\/wp\/v2\/pages\/3673\/revisions"}],"predecessor-version":[{"id":6351,"href":"https:\/\/www.documatik.com\/en\/wp-json\/wp\/v2\/pages\/3673\/revisions\/6351"}],"wp:attachment":[{"href":"https:\/\/www.documatik.com\/en\/wp-json\/wp\/v2\/media?parent=3673"}],"curies":[{"name":"wp","href":"https:\/\/api.w.org\/{rel}","templated":true}]}}