{"id":3839,"date":"2022-06-14T02:50:50","date_gmt":"2022-06-14T02:50:50","guid":{"rendered":"https:\/\/www.documatik.com?page_id=3839"},"modified":"2023-06-12T08:01:30","modified_gmt":"2023-06-12T08:01:30","slug":"team","status":"publish","type":"page","link":"https:\/\/www.documatik.com\/en\/team\/","title":{"rendered":"Our Team"},"content":{"rendered":"<div data-elementor-type=\"wp-page\" data-elementor-id=\"3839\" class=\"elementor elementor-3839\">\n\t\t\t\t\t\t<section class=\"elementor-section elementor-top-section elementor-element elementor-element-fb8ff04 elementor-section-full_width elementor-section-height-default elementor-section-height-default\" data-id=\"fb8ff04\" data-element_type=\"section\">\n\t\t\t\t\t\t<div class=\"elementor-container elementor-column-gap-no\">\n\t\t\t\t\t<div class=\"elementor-column elementor-col-100 elementor-top-column elementor-element elementor-element-8e51189\" data-id=\"8e51189\" data-element_type=\"column\">\n\t\t\t<div class=\"elementor-widget-wrap elementor-element-populated\">\n\t\t\t\t\t\t<section class=\"elementor-section elementor-inner-section elementor-element elementor-element-14d3470 elementor-section-boxed elementor-section-height-default elementor-section-height-default\" data-id=\"14d3470\" data-element_type=\"section\">\n\t\t\t\t\t\t<div class=\"elementor-container elementor-column-gap-no\">\n\t\t\t\t\t<div class=\"elementor-column elementor-col-33 elementor-inner-column elementor-element elementor-element-f017a54\" data-id=\"f017a54\" data-element_type=\"column\">\n\t\t\t<div class=\"elementor-widget-wrap elementor-element-populated\">\n\t\t\t\t\t\t<div class=\"elementor-element elementor-element-f07626c elementor-widget elementor-widget-sultin_team\" data-id=\"f07626c\" data-element_type=\"widget\" data-widget_type=\"sultin_team.default\">\n\t\t\t\t<div class=\"elementor-widget-container\">\n\t\t\t                    <div class=\"single-team-style1\">\n                <div class=\"img-holder\">\n                    <div class=\"inner\">\n                        <img fetchpriority=\"high\" decoding=\"async\" width=\"400\" height=\"400\" src=\"https:\/\/www.documatik.com\/wp-content\/uploads\/2022\/06\/laurentiu-gusu.jpg\" class=\"attachment-full size-full\" alt=\"\" srcset=\"https:\/\/www.documatik.com\/wp-content\/uploads\/2022\/06\/laurentiu-gusu.jpg 400w, https:\/\/www.documatik.com\/wp-content\/uploads\/2022\/06\/laurentiu-gusu-300x300.jpg 300w, https:\/\/www.documatik.com\/wp-content\/uploads\/2022\/06\/laurentiu-gusu-150x150.jpg 150w\" sizes=\"(max-width: 400px) 100vw, 400px\" \/>                    <\/div>\n                    <div class=\"title-holder text-center\">\n                        <h2><a href=\"#\" target=\"_blank\" >Laurentiu Gusu<\/a><\/h2>\n                        <h3>Founder<\/h3>\n                        <ul class=\"social-links\">\n                                                            <li><a href=\"https:\/\/www.linkedin.com\/in\/laurentiu-gusu-2433259\/\"  ><i aria-hidden=\"true\" class=\"fab fa-linkedin-in\"><\/i><\/a><\/li>\n                                                            <li><a href=\"\"  ><i aria-hidden=\"true\" class=\"fab fa-whatsapp-square\"><\/i><\/a><\/li>\n                            \n                        <\/ul>\n                    <\/div>\n                <\/div>\n            <\/div>\n        \t\t<\/div>\n\t\t\t\t<\/div>\n\t\t\t\t\t<\/div>\n\t\t<\/div>\n\t\t\t\t<div class=\"elementor-column elementor-col-33 elementor-inner-column elementor-element elementor-element-cc9e60b\" data-id=\"cc9e60b\" data-element_type=\"column\">\n\t\t\t<div class=\"elementor-widget-wrap elementor-element-populated\">\n\t\t\t\t\t\t<div class=\"elementor-element elementor-element-b150c8f elementor-widget elementor-widget-sultin_team\" data-id=\"b150c8f\" data-element_type=\"widget\" data-widget_type=\"sultin_team.default\">\n\t\t\t\t<div class=\"elementor-widget-container\">\n\t\t\t                    <div class=\"single-team-style1\">\n                <div class=\"img-holder\">\n                    <div class=\"inner\">\n                        <img decoding=\"async\" width=\"400\" height=\"400\" src=\"https:\/\/www.documatik.com\/wp-content\/uploads\/2023\/05\/vlad.jpg\" class=\"attachment-full size-full\" alt=\"\" srcset=\"https:\/\/www.documatik.com\/wp-content\/uploads\/2023\/05\/vlad.jpg 400w, https:\/\/www.documatik.com\/wp-content\/uploads\/2023\/05\/vlad-300x300.jpg 300w, https:\/\/www.documatik.com\/wp-content\/uploads\/2023\/05\/vlad-150x150.jpg 150w\" sizes=\"(max-width: 400px) 100vw, 400px\" \/>                    <\/div>\n                    <div class=\"title-holder text-center\">\n                        <h2><a href=\"#\"  >Vlad Bucurescu<\/a><\/h2>\n                        <h3>Founder<\/h3>\n                        <ul class=\"social-links\">\n                                                            <li><a href=\"https:\/\/www.linkedin.com\/in\/vlad-bucurescu-7941b210a\/\" target=\"_blank\" ><i aria-hidden=\"true\" class=\"fab fa-linkedin-in\"><\/i><\/a><\/li>\n                                                            <li><a href=\"https:\/\/wa.me\/0040742781727\"  ><i aria-hidden=\"true\" class=\"fab fa-whatsapp-square\"><\/i><\/a><\/li>\n                            \n                        <\/ul>\n                    <\/div>\n                <\/div>\n            <\/div>\n        \t\t<\/div>\n\t\t\t\t<\/div>\n\t\t\t\t\t<\/div>\n\t\t<\/div>\n\t\t\t\t<div class=\"elementor-column elementor-col-33 elementor-inner-column elementor-element elementor-element-5de3743\" data-id=\"5de3743\" data-element_type=\"column\">\n\t\t\t<div class=\"elementor-widget-wrap elementor-element-populated\">\n\t\t\t\t\t\t<div class=\"elementor-element elementor-element-4e6b72d elementor-widget elementor-widget-sultin_team\" data-id=\"4e6b72d\" data-element_type=\"widget\" data-widget_type=\"sultin_team.default\">\n\t\t\t\t<div class=\"elementor-widget-container\">\n\t\t\t                    <div class=\"single-team-style1\">\n                <div class=\"img-holder\">\n                    <div class=\"inner\">\n                        <img decoding=\"async\" width=\"400\" height=\"400\" src=\"https:\/\/www.documatik.com\/wp-content\/uploads\/2022\/06\/dan-iancu.jpg\" class=\"attachment-full size-full\" alt=\"\" srcset=\"https:\/\/www.documatik.com\/wp-content\/uploads\/2022\/06\/dan-iancu.jpg 400w, https:\/\/www.documatik.com\/wp-content\/uploads\/2022\/06\/dan-iancu-300x300.jpg 300w, https:\/\/www.documatik.com\/wp-content\/uploads\/2022\/06\/dan-iancu-150x150.jpg 150w\" sizes=\"(max-width: 400px) 100vw, 400px\" \/>                    <\/div>\n                    <div class=\"title-holder text-center\">\n                        <h2><a href=\"#\"  >Dan Iancu<\/a><\/h2>\n                        <h3>Founder<\/h3>\n                        <ul class=\"social-links\">\n                                                            <li><a href=\"https:\/\/www.linkedin.com\/in\/danalexandruiancu\/\" target=\"_blank\" ><i aria-hidden=\"true\" class=\"fab fa-linkedin-in\"><\/i><\/a><\/li>\n                                                            <li><a href=\"\"  ><i aria-hidden=\"true\" class=\"fab fa-whatsapp-square\"><\/i><\/a><\/li>\n                            \n                        <\/ul>\n                    <\/div>\n                <\/div>\n            <\/div>\n        \t\t<\/div>\n\t\t\t\t<\/div>\n\t\t\t\t\t<\/div>\n\t\t<\/div>\n\t\t\t\t\t<\/div>\n\t\t<\/section>\n\t\t\t\t\t<\/div>\n\t\t<\/div>\n\t\t\t\t\t<\/div>\n\t\t<\/section>\n\t\t\t\t<section class=\"elementor-section elementor-top-section elementor-element elementor-element-03ae754 elementor-section-boxed elementor-section-height-default elementor-section-height-default\" data-id=\"03ae754\" data-element_type=\"section\">\n\t\t\t\t\t\t<div class=\"elementor-container elementor-column-gap-default\">\n\t\t\t\t\t<div class=\"elementor-column elementor-col-33 elementor-top-column elementor-element elementor-element-c214cb3\" data-id=\"c214cb3\" data-element_type=\"column\">\n\t\t\t<div class=\"elementor-widget-wrap elementor-element-populated\">\n\t\t\t\t\t\t<div class=\"elementor-element elementor-element-562aeaf elementor-widget elementor-widget-text-editor\" data-id=\"562aeaf\" data-element_type=\"widget\" data-widget_type=\"text-editor.default\">\n\t\t\t\t<div class=\"elementor-widget-container\">\n\t\t\t\t\t\t\t<p>Laurentiu is Documatik\u2019s creator, a successful entrepreneur and an IT consultant. He has experience in the development and implementation of Enterprise Resource Planning (ERP) systems and project management. Laurentiu has managed ERP application development and implementation projects in both the public and private sectors, including government, telecommunications operators, energy and financial services.<\/p>\t\t\t\t\t\t<\/div>\n\t\t\t\t<\/div>\n\t\t\t\t\t<\/div>\n\t\t<\/div>\n\t\t\t\t<div class=\"elementor-column elementor-col-33 elementor-top-column elementor-element elementor-element-3ae2c8d\" data-id=\"3ae2c8d\" data-element_type=\"column\">\n\t\t\t<div class=\"elementor-widget-wrap elementor-element-populated\">\n\t\t\t\t\t\t<div class=\"elementor-element elementor-element-7f6e1d0 elementor-widget elementor-widget-text-editor\" data-id=\"7f6e1d0\" data-element_type=\"widget\" data-widget_type=\"text-editor.default\">\n\t\t\t\t<div class=\"elementor-widget-container\">\n\t\t\t\t\t\t\t<p>Vlad is an IT consultant. He has experience in business process automation, low-code platforms and project management. Vlad has implemented solutions based on software robots (RPA), chatbots and artificial intelligence for banks and retailers. He is the founder of a start-up specialized in business process automation solutions.&nbsp;<\/p>\t\t\t\t\t\t<\/div>\n\t\t\t\t<\/div>\n\t\t\t\t\t<\/div>\n\t\t<\/div>\n\t\t\t\t<div class=\"elementor-column elementor-col-33 elementor-top-column elementor-element elementor-element-59799f4\" data-id=\"59799f4\" data-element_type=\"column\">\n\t\t\t<div class=\"elementor-widget-wrap elementor-element-populated\">\n\t\t\t\t\t\t<div class=\"elementor-element elementor-element-6c69d33 elementor-widget elementor-widget-text-editor\" data-id=\"6c69d33\" data-element_type=\"widget\" data-widget_type=\"text-editor.default\">\n\t\t\t\t<div class=\"elementor-widget-container\">\n\t\t\t\t\t\t\t<p>Dan is a management consultant. He has knowledge in business management systems, business process redesign as well as project management. Dan has worked on transformational programs for local and international companies with significant experience in the telecommunications and energy sectors.<\/p>\t\t\t\t\t\t<\/div>\n\t\t\t\t<\/div>\n\t\t\t\t\t<\/div>\n\t\t<\/div>\n\t\t\t\t\t<\/div>\n\t\t<\/section>\n\t\t\t\t<\/div>","protected":false},"excerpt":{"rendered":"<p>Laurentiu Gusu Fondator Vlad Bucurescu Fondator Dan Iancu Fondator Lauren\u021biu este creatorul Documatik, antreprenor de succes \u0219i consultant IT. El are experien\u021b\u0103 \u00een dezvoltarea \u0219i implementarea de sisteme de tip Enterprise Resource Planning (ERP) \u0219i \u00een management de proiecte. Lauren\u021biu a gestionat proiecte de dezvoltare \u0219i implementare de aplica\u021bii ERP at\u00e2t \u00een sectorul public, c\u00e2t [&hellip;]<\/p>","protected":false},"author":2,"featured_media":0,"parent":0,"menu_order":0,"comment_status":"closed","ping_status":"closed","template":"elementor_header_footer","meta":{"footnotes":""},"class_list":["post-3839","page","type-page","status-publish","hentry"],"_links":{"self":[{"href":"https:\/\/www.documatik.com\/en\/wp-json\/wp\/v2\/pages\/3839","targetHints":{"allow":["GET"]}}],"collection":[{"href":"https:\/\/www.documatik.com\/en\/wp-json\/wp\/v2\/pages"}],"about":[{"href":"https:\/\/www.documatik.com\/en\/wp-json\/wp\/v2\/types\/page"}],"author":[{"embeddable":true,"href":"https:\/\/www.documatik.com\/en\/wp-json\/wp\/v2\/users\/2"}],"replies":[{"embeddable":true,"href":"https:\/\/www.documatik.com\/en\/wp-json\/wp\/v2\/comments?post=3839"}],"version-history":[{"count":77,"href":"https:\/\/www.documatik.com\/en\/wp-json\/wp\/v2\/pages\/3839\/revisions"}],"predecessor-version":[{"id":6281,"href":"https:\/\/www.documatik.com\/en\/wp-json\/wp\/v2\/pages\/3839\/revisions\/6281"}],"wp:attachment":[{"href":"https:\/\/www.documatik.com\/en\/wp-json\/wp\/v2\/media?parent=3839"}],"curies":[{"name":"wp","href":"https:\/\/api.w.org\/{rel}","templated":true}]}}